{"id":170,"date":"2018-09-20T22:24:34","date_gmt":"2018-09-20T20:24:34","guid":{"rendered":"http:\/\/digitalmuse.fr\/?page_id=170"},"modified":"2022-03-01T18:02:21","modified_gmt":"2022-03-01T17:02:21","slug":"mpatients","status":"publish","type":"page","link":"https:\/\/www.digitalmuse.fr\/","title":{"rendered":"m-Patients"},"content":{"rendered":"<p><a href=\"https:\/\/itunes.apple.com\/fr\/app\/m-patients\/id1436832193\" target=\"_blank\" rel=\"noopener\"><img loading=\"lazy\" class=\"alignleft wp-image-236 size-thumbnail\" src=\"http:\/\/digitalmuse.fr\/wp-content\/uploads\/2018\/10\/Download_on_the_App_Store_Badge_FR_RGB_wht_100217.svg\" alt=\"\" width=\"150\" height=\"150\" \/><\/a>Application IOS de gestion de dossiers patients (optimis\u00e9e pour Iphone mais fonctionne aussi sur iPad).<\/p>\n<ul>\n<li><strong>Pr\u00e9sentation<\/strong><\/li>\n<\/ul>\n<p><em><img loading=\"lazy\" class=\"size-full wp-image-219 alignleft\" src=\"http:\/\/digitalmuse.fr\/wp-content\/uploads\/2018\/09\/Icon-64round.png\" alt=\"\" width=\"64\" height=\"64\" \/><\/em><span style=\"color: #3366ff;\">m-Patients<\/span> permet au professionnel lib\u00e9ral ind\u00e9pendant de g\u00e9rer ses fiches patients en mobilit\u00e9 et d\u2019acc\u00e9der \u00e0 tout moment, via son iPhone, au dossier m\u00e9dical d\u2019un patient.<\/p>\n<p>L&rsquo;application fonctionne \u00e0 partir de la version IOS 13.<\/p>\n<ul>\n<li><strong>Acc\u00e8s\/connexion<\/strong><\/li>\n<\/ul>\n<p>Pour acc\u00e9der \u00e0 l&rsquo;App, en raison du caract\u00e8re sensible des donn\u00e9es m\u00e9dicales, il est n\u00e9cessaire de s&rsquo;authentifier, avec Face ID ou Touch ID, selon le mod\u00e8le de votre appareil.<\/p>\n<p><img loading=\"lazy\" class=\"alignnone size-medium wp-image-178\" src=\"http:\/\/digitalmuse.fr\/wp-content\/uploads\/2018\/09\/FaceID-166x300.png\" alt=\"\" width=\"166\" height=\"300\" srcset=\"https:\/\/www.digitalmuse.fr\/wp-content\/uploads\/2018\/09\/FaceID-166x300.png 166w, https:\/\/www.digitalmuse.fr\/wp-content\/uploads\/2018\/09\/FaceID-768x1388.png 768w, https:\/\/www.digitalmuse.fr\/wp-content\/uploads\/2018\/09\/FaceID-566x1024.png 566w, https:\/\/www.digitalmuse.fr\/wp-content\/uploads\/2018\/09\/FaceID.png 1020w\" sizes=\"(max-width: 166px) 100vw, 166px\" \/><img loading=\"lazy\" class=\"alignnone size-medium wp-image-177\" src=\"http:\/\/digitalmuse.fr\/wp-content\/uploads\/2018\/09\/TouchID-169x300.png\" alt=\"\" width=\"169\" height=\"300\" srcset=\"https:\/\/www.digitalmuse.fr\/wp-content\/uploads\/2018\/09\/TouchID-169x300.png 169w, https:\/\/www.digitalmuse.fr\/wp-content\/uploads\/2018\/09\/TouchID-768x1366.png 768w, https:\/\/www.digitalmuse.fr\/wp-content\/uploads\/2018\/09\/TouchID-576x1024.png 576w, https:\/\/www.digitalmuse.fr\/wp-content\/uploads\/2018\/09\/TouchID.png 1038w\" sizes=\"(max-width: 169px) 100vw, 169px\" \/><\/p>\n<p>En cas de blocage, effectuer un balayage de l&rsquo;\u00e9cran vers le bas pour rafraichir la page, ce qui d\u00e9clenchera une nouvelle demande d&rsquo;authentification.<\/p>\n<ul>\n<li><strong>Param\u00e9trage<\/strong><\/li>\n<\/ul>\n<p>Avant de saisir vos premi\u00e8res fiches patients, veuillez vous rendre dans la page param\u00e9trage<span style=\"color: #3366ff;\"><span style=\"color: #000000;\"> \u00ab<\/span><img loading=\"lazy\" class=\"alignnone wp-image-295\" src=\"https:\/\/www.digitalmuse.fr\/wp-content\/uploads\/2022\/03\/ellipsis-horizontal-circle.svg\" alt=\"\" width=\"24\" height=\"24\" \/><span style=\"color: #000000;\">\u00bb<\/span> <\/span>de l&rsquo;appli pour personnaliser vos listes : liste des allergies, liste des types d&rsquo;actes, liste des cabinets. Ces listes alimentent les listes d\u00e9roulantes de choix, lors de la modification d&rsquo;une fiche patient.<\/p>\n<p><img loading=\"lazy\" class=\"alignnone size-medium wp-image-186\" src=\"http:\/\/digitalmuse.fr\/wp-content\/uploads\/2018\/09\/ListeDe\u0301roulante-300x176.png\" alt=\"\" width=\"300\" height=\"176\" srcset=\"https:\/\/www.digitalmuse.fr\/wp-content\/uploads\/2018\/09\/ListeDe\u0301roulante-300x176.png 300w, https:\/\/www.digitalmuse.fr\/wp-content\/uploads\/2018\/09\/ListeDe\u0301roulante.png 736w\" sizes=\"(max-width: 300px) 100vw, 300px\" \/><\/p>\n<p><img loading=\"lazy\" class=\"alignnone wp-image-300 size-medium\" src=\"https:\/\/www.digitalmuse.fr\/wp-content\/uploads\/2022\/03\/Simulator-Screen-Shot-iPhone-11-Pro-Max-2022-02-08-at-18.58.06-139x300.png\" alt=\"\" width=\"139\" height=\"300\" srcset=\"https:\/\/www.digitalmuse.fr\/wp-content\/uploads\/2022\/03\/Simulator-Screen-Shot-iPhone-11-Pro-Max-2022-02-08-at-18.58.06-139x300.png 139w, https:\/\/www.digitalmuse.fr\/wp-content\/uploads\/2022\/03\/Simulator-Screen-Shot-iPhone-11-Pro-Max-2022-02-08-at-18.58.06-473x1024.png 473w, https:\/\/www.digitalmuse.fr\/wp-content\/uploads\/2022\/03\/Simulator-Screen-Shot-iPhone-11-Pro-Max-2022-02-08-at-18.58.06-768x1662.png 768w, https:\/\/www.digitalmuse.fr\/wp-content\/uploads\/2022\/03\/Simulator-Screen-Shot-iPhone-11-Pro-Max-2022-02-08-at-18.58.06-710x1536.png 710w, https:\/\/www.digitalmuse.fr\/wp-content\/uploads\/2022\/03\/Simulator-Screen-Shot-iPhone-11-Pro-Max-2022-02-08-at-18.58.06-946x2048.png 946w, https:\/\/www.digitalmuse.fr\/wp-content\/uploads\/2022\/03\/Simulator-Screen-Shot-iPhone-11-Pro-Max-2022-02-08-at-18.58.06.png 1242w\" sizes=\"(max-width: 139px) 100vw, 139px\" \/> \u00a0 \u00a0 \u00a0 \u00a0 <img loading=\"lazy\" class=\"alignnone wp-image-302 size-medium\" src=\"https:\/\/www.digitalmuse.fr\/wp-content\/uploads\/2022\/03\/Simulator-Screen-Shot-iPhone-11-Pro-Max-2022-01-11-at-18.14.05-139x300.png\" alt=\"\" width=\"139\" height=\"300\" srcset=\"https:\/\/www.digitalmuse.fr\/wp-content\/uploads\/2022\/03\/Simulator-Screen-Shot-iPhone-11-Pro-Max-2022-01-11-at-18.14.05-139x300.png 139w, https:\/\/www.digitalmuse.fr\/wp-content\/uploads\/2022\/03\/Simulator-Screen-Shot-iPhone-11-Pro-Max-2022-01-11-at-18.14.05-473x1024.png 473w, https:\/\/www.digitalmuse.fr\/wp-content\/uploads\/2022\/03\/Simulator-Screen-Shot-iPhone-11-Pro-Max-2022-01-11-at-18.14.05-768x1662.png 768w, https:\/\/www.digitalmuse.fr\/wp-content\/uploads\/2022\/03\/Simulator-Screen-Shot-iPhone-11-Pro-Max-2022-01-11-at-18.14.05-710x1536.png 710w, https:\/\/www.digitalmuse.fr\/wp-content\/uploads\/2022\/03\/Simulator-Screen-Shot-iPhone-11-Pro-Max-2022-01-11-at-18.14.05-946x2048.png 946w, https:\/\/www.digitalmuse.fr\/wp-content\/uploads\/2022\/03\/Simulator-Screen-Shot-iPhone-11-Pro-Max-2022-01-11-at-18.14.05.png 1242w\" sizes=\"(max-width: 139px) 100vw, 139px\" \/> \u00a0\u00a0 \u00a0 \u00a0\u00a0 <img loading=\"lazy\" class=\"alignnone wp-image-301 size-medium\" src=\"https:\/\/www.digitalmuse.fr\/wp-content\/uploads\/2022\/03\/Simulator-Screen-Shot-iPhone-11-Pro-Max-2022-01-11-at-18.15.23-139x300.png\" alt=\"\" width=\"139\" height=\"300\" srcset=\"https:\/\/www.digitalmuse.fr\/wp-content\/uploads\/2022\/03\/Simulator-Screen-Shot-iPhone-11-Pro-Max-2022-01-11-at-18.15.23-139x300.png 139w, https:\/\/www.digitalmuse.fr\/wp-content\/uploads\/2022\/03\/Simulator-Screen-Shot-iPhone-11-Pro-Max-2022-01-11-at-18.15.23-473x1024.png 473w, https:\/\/www.digitalmuse.fr\/wp-content\/uploads\/2022\/03\/Simulator-Screen-Shot-iPhone-11-Pro-Max-2022-01-11-at-18.15.23-768x1662.png 768w, https:\/\/www.digitalmuse.fr\/wp-content\/uploads\/2022\/03\/Simulator-Screen-Shot-iPhone-11-Pro-Max-2022-01-11-at-18.15.23-710x1536.png 710w, https:\/\/www.digitalmuse.fr\/wp-content\/uploads\/2022\/03\/Simulator-Screen-Shot-iPhone-11-Pro-Max-2022-01-11-at-18.15.23-946x2048.png 946w, https:\/\/www.digitalmuse.fr\/wp-content\/uploads\/2022\/03\/Simulator-Screen-Shot-iPhone-11-Pro-Max-2022-01-11-at-18.15.23.png 1242w\" sizes=\"(max-width: 139px) 100vw, 139px\" \/><\/p>\n<p>Pour modifier\/renommer ou supprimer un \u00e9l\u00e9ment d&rsquo;une liste, activer le bouton \u00ab\u00a0<span style=\"color: #00ffff;\"><img loading=\"lazy\" class=\"alignnone wp-image-297 \" src=\"https:\/\/www.digitalmuse.fr\/wp-content\/uploads\/2022\/03\/compose-300x300.png\" alt=\"\" width=\"22\" height=\"22\" \/><span style=\"color: #000000;\">\u00a0\u00bb <\/span><\/span>puis toucher le symbole \u00ab\u00a0<img loading=\"lazy\" class=\"alignnone  wp-image-298\" src=\"https:\/\/www.digitalmuse.fr\/wp-content\/uploads\/2022\/03\/ios-delete-icon-300x300.png\" alt=\"\" width=\"19\" height=\"19\" \/>\u00a0\u00bb au regard de l&rsquo;\u00e9l\u00e9ment que vous souhaiter \u00e9diter.<\/p>\n<p>Pour r\u00e9ordonner les \u00e9l\u00e9ments dans la liste, appuyer sur le symbole \u00ab<img loading=\"lazy\" class=\"alignnone wp-image-299\" src=\"https:\/\/www.digitalmuse.fr\/wp-content\/uploads\/2022\/03\/ios-reorder-300x300.png\" alt=\"\" width=\"24\" height=\"24\" \/>\u00bb, puis le remonter ou le descendre vers l&#8217;emplacement d\u00e9sir\u00e9.<\/p>\n<p>Pour ajouter un \u00e9l\u00e9ment \u00e0 la liste, toucher le symbole \u00ab\u00a0<span style=\"color: #3366ff;\"><strong>+<\/strong><\/span>\u00a0\u00bb en haut \u00e0 droite<\/p>\n<p><img loading=\"lazy\" class=\"alignnone size-medium wp-image-179\" src=\"http:\/\/digitalmuse.fr\/wp-content\/uploads\/2018\/09\/AjoutElementListe-166x300.png\" alt=\"\" width=\"166\" height=\"300\" srcset=\"https:\/\/www.digitalmuse.fr\/wp-content\/uploads\/2018\/09\/AjoutElementListe-166x300.png 166w, https:\/\/www.digitalmuse.fr\/wp-content\/uploads\/2018\/09\/AjoutElementListe-768x1388.png 768w, https:\/\/www.digitalmuse.fr\/wp-content\/uploads\/2018\/09\/AjoutElementListe-566x1024.png 566w, https:\/\/www.digitalmuse.fr\/wp-content\/uploads\/2018\/09\/AjoutElementListe.png 1020w\" sizes=\"(max-width: 166px) 100vw, 166px\" \/><\/p>\n<p>La page de param\u00e9trage permet \u00e9galement de personnaliser l&rsquo;apparence de l&rsquo;application : choisir soit le th\u00e8me \u00ab\u00a0Bleu orange\u00a0\u00bb plus joli, soit le th\u00e8me \u00ab\u00a0Standard\u00a0\u00bb plus lisible.<\/p>\n<p>Ces deux th\u00e8mes s&rsquo;adaptent automatiquement au mode sombre de votre appareil.<\/p>\n<ul>\n<li><strong>G\u00e9rer fiche patient<\/strong><\/li>\n<\/ul>\n<p>A partir de la liste des patients, il est possible de supprimer une fiche patient avec \u00ab\u00a0<span style=\"color: #3366ff;\">Suppr<\/span>\u00a0\u00bb ,\u00a0 de consulter une fiche en tapotant la ligne correspondante ou de cr\u00e9er une nouvelle fiche avec \u00ab\u00a0<strong><span style=\"color: #3366ff;\">+<\/span><\/strong>\u00a0\u00bb .<\/p>\n<p><img loading=\"lazy\" class=\"alignnone size-medium wp-image-185\" src=\"http:\/\/digitalmuse.fr\/wp-content\/uploads\/2018\/09\/Accueil-166x300.png\" alt=\"\" width=\"166\" height=\"300\" srcset=\"https:\/\/www.digitalmuse.fr\/wp-content\/uploads\/2018\/09\/Accueil-166x300.png 166w, https:\/\/www.digitalmuse.fr\/wp-content\/uploads\/2018\/09\/Accueil-768x1388.png 768w, https:\/\/www.digitalmuse.fr\/wp-content\/uploads\/2018\/09\/Accueil-566x1024.png 566w, https:\/\/www.digitalmuse.fr\/wp-content\/uploads\/2018\/09\/Accueil.png 1020w\" sizes=\"(max-width: 166px) 100vw, 166px\" \/><\/p>\n<p>Cr\u00e9ation d&rsquo;une fiche patient<\/p>\n<p>Saisir les donn\u00e9es patient dans le formulaire de cr\u00e9ation. Pour valider la saisie, appuyer sur le bouton \u00ab\u00a0Enregistrer\u00a0\u00bb en bas du formulaire. Si vous voulez annuler la saisie, appuyer sur le bouton en haut \u00e0 gauche (<span style=\"color: #3366ff;\">&lt; Patients<\/span>).<\/p>\n<p>Modification d&rsquo;une fiche patient<\/p>\n<p>Depuis la fiche patient, appuyer sur le bouton <span style=\"color: #3366ff;\">Modifier<\/span> en haut \u00e0 droite.<\/p>\n<p><img loading=\"lazy\" class=\"alignnone wp-image-286 size-medium\" src=\"http:\/\/digitalmuse.fr\/wp-content\/uploads\/2018\/10\/Modification-153x300.png\" alt=\"\" width=\"153\" height=\"300\" srcset=\"https:\/\/www.digitalmuse.fr\/wp-content\/uploads\/2018\/10\/Modification-153x300.png 153w, https:\/\/www.digitalmuse.fr\/wp-content\/uploads\/2018\/10\/Modification-768x1509.png 768w, https:\/\/www.digitalmuse.fr\/wp-content\/uploads\/2018\/10\/Modification-521x1024.png 521w, https:\/\/www.digitalmuse.fr\/wp-content\/uploads\/2018\/10\/Modification.png 850w\" sizes=\"(max-width: 153px) 100vw, 153px\" \/>\u00a0\u00a0 \u00a0 \u00a0 <img loading=\"lazy\" class=\"alignnone size-medium wp-image-275\" src=\"http:\/\/digitalmuse.fr\/wp-content\/uploads\/2018\/10\/Modification1-153x300.png\" alt=\"\" width=\"153\" height=\"300\" srcset=\"https:\/\/www.digitalmuse.fr\/wp-content\/uploads\/2018\/10\/Modification1-153x300.png 153w, https:\/\/www.digitalmuse.fr\/wp-content\/uploads\/2018\/10\/Modification1-768x1509.png 768w, https:\/\/www.digitalmuse.fr\/wp-content\/uploads\/2018\/10\/Modification1-521x1024.png 521w, https:\/\/www.digitalmuse.fr\/wp-content\/uploads\/2018\/10\/Modification1.png 850w\" sizes=\"(max-width: 153px) 100vw, 153px\" \/> \u00a0 \u00a0 \u00a0\u00a0 <img loading=\"lazy\" class=\"alignnone size-medium wp-image-276\" src=\"http:\/\/digitalmuse.fr\/wp-content\/uploads\/2018\/10\/Modification2-153x300.png\" alt=\"\" width=\"153\" height=\"300\" srcset=\"https:\/\/www.digitalmuse.fr\/wp-content\/uploads\/2018\/10\/Modification2-153x300.png 153w, https:\/\/www.digitalmuse.fr\/wp-content\/uploads\/2018\/10\/Modification2-768x1509.png 768w, https:\/\/www.digitalmuse.fr\/wp-content\/uploads\/2018\/10\/Modification2-521x1024.png 521w, https:\/\/www.digitalmuse.fr\/wp-content\/uploads\/2018\/10\/Modification2.png 850w\" sizes=\"(max-width: 153px) 100vw, 153px\" \/><\/p>\n<p>Saisir les donn\u00e9es patient dans le formulaire de modification. Pour valider la saisie, appuyer sur le bouton \u00ab\u00a0Enregistrer\u00a0\u00bb en bas du formulaire. Si vous voulez annuler la saisie, appuyer sur le bouton en haut \u00e0 gauche (<span style=\"color: #3366ff;\">&lt; Nom du patient<\/span>).<\/p>\n<p>Ajouter une consultation \u00e0 la fiche patient<\/p>\n<p>Dans la fiche patient, appuyer sur le bouton \u00ab\u00a0<strong><span style=\"color: #ff6600;\">+<\/span><\/strong>\u00a0\u00bb situ\u00e9 en bas \u00e0 gauche de la page, sous la rubrique \u00ab\u00a0Consultation\u00a0\u00bb.<\/p>\n<p><img loading=\"lazy\" class=\"alignnone size-medium wp-image-270\" src=\"http:\/\/digitalmuse.fr\/wp-content\/uploads\/2018\/10\/AjoutConsultation-153x300.png\" alt=\"\" width=\"153\" height=\"300\" srcset=\"https:\/\/www.digitalmuse.fr\/wp-content\/uploads\/2018\/10\/AjoutConsultation-153x300.png 153w, https:\/\/www.digitalmuse.fr\/wp-content\/uploads\/2018\/10\/AjoutConsultation-768x1509.png 768w, https:\/\/www.digitalmuse.fr\/wp-content\/uploads\/2018\/10\/AjoutConsultation-521x1024.png 521w, https:\/\/www.digitalmuse.fr\/wp-content\/uploads\/2018\/10\/AjoutConsultation.png 850w\" sizes=\"(max-width: 153px) 100vw, 153px\" \/>\u00a0\u00a0\u00a0\u00a0\u00a0\u00a0 <img loading=\"lazy\" class=\"alignnone size-medium wp-image-277\" src=\"http:\/\/digitalmuse.fr\/wp-content\/uploads\/2018\/10\/ModifConsultation-153x300.png\" alt=\"\" width=\"153\" height=\"300\" srcset=\"https:\/\/www.digitalmuse.fr\/wp-content\/uploads\/2018\/10\/ModifConsultation-153x300.png 153w, https:\/\/www.digitalmuse.fr\/wp-content\/uploads\/2018\/10\/ModifConsultation-768x1509.png 768w, https:\/\/www.digitalmuse.fr\/wp-content\/uploads\/2018\/10\/ModifConsultation-521x1024.png 521w, https:\/\/www.digitalmuse.fr\/wp-content\/uploads\/2018\/10\/ModifConsultation.png 850w\" sizes=\"(max-width: 153px) 100vw, 153px\" \/><\/p>\n<p>Saisir les donn\u00e9es de consultation dans le formulaire de consultation, puis valider la saisie en appuyant sur le bouton \u00ab\u00a0Enregistrer\u00a0\u00bb. Si vous voulez annuler la saisie, appuyer sur le bouton en haut \u00e0 gauche (<span style=\"color: #3366ff;\">&lt; Nom du patient<\/span>).<\/p>\n<p>Modification d&rsquo;une consultation<\/p>\n<p>Dans la fiche patient, appuyer sur la consultation que vous souhaitez modifier.<\/p>\n<p><img loading=\"lazy\" class=\"alignnone size-medium wp-image-278\" src=\"http:\/\/digitalmuse.fr\/wp-content\/uploads\/2018\/10\/ModifConsultation1-153x300.png\" alt=\"\" width=\"153\" height=\"300\" srcset=\"https:\/\/www.digitalmuse.fr\/wp-content\/uploads\/2018\/10\/ModifConsultation1-153x300.png 153w, https:\/\/www.digitalmuse.fr\/wp-content\/uploads\/2018\/10\/ModifConsultation1-768x1509.png 768w, https:\/\/www.digitalmuse.fr\/wp-content\/uploads\/2018\/10\/ModifConsultation1-521x1024.png 521w, https:\/\/www.digitalmuse.fr\/wp-content\/uploads\/2018\/10\/ModifConsultation1.png 850w\" sizes=\"(max-width: 153px) 100vw, 153px\" \/>\u00a0\u00a0\u00a0\u00a0\u00a0\u00a0 <img loading=\"lazy\" class=\"alignnone size-medium wp-image-277\" src=\"http:\/\/digitalmuse.fr\/wp-content\/uploads\/2018\/10\/ModifConsultation-153x300.png\" alt=\"\" width=\"153\" height=\"300\" srcset=\"https:\/\/www.digitalmuse.fr\/wp-content\/uploads\/2018\/10\/ModifConsultation-153x300.png 153w, https:\/\/www.digitalmuse.fr\/wp-content\/uploads\/2018\/10\/ModifConsultation-768x1509.png 768w, https:\/\/www.digitalmuse.fr\/wp-content\/uploads\/2018\/10\/ModifConsultation-521x1024.png 521w, https:\/\/www.digitalmuse.fr\/wp-content\/uploads\/2018\/10\/ModifConsultation.png 850w\" sizes=\"(max-width: 153px) 100vw, 153px\" \/><\/p>\n<p>Saisir les donn\u00e9es de consultation dans le formulaire, puis valider en appuyant sur le bouton \u00ab\u00a0Enregistrer\u00a0\u00bb. Si vous voulez annuler la saisie, appuyer sur le bouton en haut \u00e0 gauche (<span style=\"color: #3366ff;\">&lt; Nom du patient<\/span>).<\/p>\n<p>Impression d&rsquo;une fiche patient<\/p>\n<p>Dans la fiche patient, appuyer sur l&rsquo;ic\u00f4ne \u00ab\u00a0imprimante\u00a0\u00bb en bas \u00e0 droite, puis renseigner les param\u00e8tres d&rsquo;impression.<\/p>\n<p><img loading=\"lazy\" class=\"size-medium wp-image-271 alignnone\" src=\"http:\/\/digitalmuse.fr\/wp-content\/uploads\/2018\/10\/Impression1-153x300.png\" alt=\"\" width=\"153\" height=\"300\" srcset=\"https:\/\/www.digitalmuse.fr\/wp-content\/uploads\/2018\/10\/Impression1-153x300.png 153w, https:\/\/www.digitalmuse.fr\/wp-content\/uploads\/2018\/10\/Impression1-768x1509.png 768w, https:\/\/www.digitalmuse.fr\/wp-content\/uploads\/2018\/10\/Impression1-521x1024.png 521w, https:\/\/www.digitalmuse.fr\/wp-content\/uploads\/2018\/10\/Impression1.png 850w\" sizes=\"(max-width: 153px) 100vw, 153px\" \/>\u00a0\u00a0\u00a0\u00a0\u00a0\u00a0\u00a0\u00a0 <img loading=\"lazy\" class=\"size-medium wp-image-272 alignnone\" src=\"http:\/\/digitalmuse.fr\/wp-content\/uploads\/2018\/10\/Impression2-153x300.png\" alt=\"\" width=\"153\" height=\"300\" srcset=\"https:\/\/www.digitalmuse.fr\/wp-content\/uploads\/2018\/10\/Impression2-153x300.png 153w, https:\/\/www.digitalmuse.fr\/wp-content\/uploads\/2018\/10\/Impression2-768x1509.png 768w, https:\/\/www.digitalmuse.fr\/wp-content\/uploads\/2018\/10\/Impression2-521x1024.png 521w, https:\/\/www.digitalmuse.fr\/wp-content\/uploads\/2018\/10\/Impression2.png 850w\" sizes=\"(max-width: 153px) 100vw, 153px\" \/><\/p>\n<p>Obtenir l&rsquo;itin\u00e9raire vers l&rsquo;adresse d&rsquo;un patient<\/p>\n<p>Dans la fiche patient, appuyer sur l\u2019ic\u00f4ne de localisation situ\u00e9e en haut \u00e0 droite, puis suivre les indications de Plans.<\/p>\n<p><img loading=\"lazy\" class=\"alignnone wp-image-303 size-medium\" src=\"https:\/\/www.digitalmuse.fr\/wp-content\/uploads\/2022\/03\/Simulator-Screen-Shot-iPhone-11-2022-01-08-at-20.59.37-139x300.png\" alt=\"\" width=\"139\" height=\"300\" srcset=\"https:\/\/www.digitalmuse.fr\/wp-content\/uploads\/2022\/03\/Simulator-Screen-Shot-iPhone-11-2022-01-08-at-20.59.37-139x300.png 139w, https:\/\/www.digitalmuse.fr\/wp-content\/uploads\/2022\/03\/Simulator-Screen-Shot-iPhone-11-2022-01-08-at-20.59.37-473x1024.png 473w, https:\/\/www.digitalmuse.fr\/wp-content\/uploads\/2022\/03\/Simulator-Screen-Shot-iPhone-11-2022-01-08-at-20.59.37-768x1662.png 768w, https:\/\/www.digitalmuse.fr\/wp-content\/uploads\/2022\/03\/Simulator-Screen-Shot-iPhone-11-2022-01-08-at-20.59.37-710x1536.png 710w, https:\/\/www.digitalmuse.fr\/wp-content\/uploads\/2022\/03\/Simulator-Screen-Shot-iPhone-11-2022-01-08-at-20.59.37.png 828w\" sizes=\"(max-width: 139px) 100vw, 139px\" \/>\u00a0\u00a0\u00a0\u00a0\u00a0 \u00a0 <img loading=\"lazy\" class=\"alignnone size-medium wp-image-280\" src=\"http:\/\/digitalmuse.fr\/wp-content\/uploads\/2018\/10\/Geoloc1-153x300.png\" alt=\"\" width=\"153\" height=\"300\" srcset=\"https:\/\/www.digitalmuse.fr\/wp-content\/uploads\/2018\/10\/Geoloc1-153x300.png 153w, https:\/\/www.digitalmuse.fr\/wp-content\/uploads\/2018\/10\/Geoloc1-768x1509.png 768w, https:\/\/www.digitalmuse.fr\/wp-content\/uploads\/2018\/10\/Geoloc1-521x1024.png 521w, https:\/\/www.digitalmuse.fr\/wp-content\/uploads\/2018\/10\/Geoloc1.png 850w\" sizes=\"(max-width: 153px) 100vw, 153px\" \/>\u00a0\u00a0\u00a0\u00a0\u00a0\u00a0 <img loading=\"lazy\" class=\"alignnone size-medium wp-image-281\" src=\"http:\/\/digitalmuse.fr\/wp-content\/uploads\/2018\/10\/Geoloc2-153x300.png\" alt=\"\" width=\"153\" height=\"300\" srcset=\"https:\/\/www.digitalmuse.fr\/wp-content\/uploads\/2018\/10\/Geoloc2-153x300.png 153w, https:\/\/www.digitalmuse.fr\/wp-content\/uploads\/2018\/10\/Geoloc2-768x1509.png 768w, https:\/\/www.digitalmuse.fr\/wp-content\/uploads\/2018\/10\/Geoloc2-521x1024.png 521w, https:\/\/www.digitalmuse.fr\/wp-content\/uploads\/2018\/10\/Geoloc2.png 850w\" sizes=\"(max-width: 153px) 100vw, 153px\" \/><\/p>\n<p>Exporter la liste des patients<\/p>\n<p>Dans le menu param\u00e9trage, choisir \u00ab\u00a0Exporter la liste des patients\u00a0\u00bb puis s\u00e9lectionner l&rsquo;un des moyens d&rsquo;exportation propos\u00e9 (Message, E-mail, Numbers, Dropbox, iCloudDrive, Fichiers, &#8230;). Le fichier g\u00e9n\u00e9r\u00e9 est au format .csv et peut \u00eatre ouvert avec Excel.<\/p>\n<p><img loading=\"lazy\" class=\"alignnone wp-image-304 size-medium\" src=\"https:\/\/www.digitalmuse.fr\/wp-content\/uploads\/2022\/03\/Simulator-Screen-Shot-iPhone-11-Pro-Max-2022-02-08-at-18.58.06-1-139x300.png\" alt=\"\" width=\"139\" height=\"300\" srcset=\"https:\/\/www.digitalmuse.fr\/wp-content\/uploads\/2022\/03\/Simulator-Screen-Shot-iPhone-11-Pro-Max-2022-02-08-at-18.58.06-1-139x300.png 139w, https:\/\/www.digitalmuse.fr\/wp-content\/uploads\/2022\/03\/Simulator-Screen-Shot-iPhone-11-Pro-Max-2022-02-08-at-18.58.06-1-473x1024.png 473w, https:\/\/www.digitalmuse.fr\/wp-content\/uploads\/2022\/03\/Simulator-Screen-Shot-iPhone-11-Pro-Max-2022-02-08-at-18.58.06-1-768x1662.png 768w, https:\/\/www.digitalmuse.fr\/wp-content\/uploads\/2022\/03\/Simulator-Screen-Shot-iPhone-11-Pro-Max-2022-02-08-at-18.58.06-1-710x1536.png 710w, https:\/\/www.digitalmuse.fr\/wp-content\/uploads\/2022\/03\/Simulator-Screen-Shot-iPhone-11-Pro-Max-2022-02-08-at-18.58.06-1-946x2048.png 946w, https:\/\/www.digitalmuse.fr\/wp-content\/uploads\/2022\/03\/Simulator-Screen-Shot-iPhone-11-Pro-Max-2022-02-08-at-18.58.06-1.png 1242w\" sizes=\"(max-width: 139px) 100vw, 139px\" \/><\/p>\n<ul>\n<li><strong>Sauvegarde, restauration, transfert vers un nouvel appareil<br \/>\n<\/strong><\/li>\n<\/ul>\n<p>La base de donn\u00e9es est sauvegard\u00e9e automatiquement lorsque vous effectuez une sauvegarde iTunes ou iCloud de votre appareil et pourra \u00eatre restaur\u00e9e \u00e0 partir de votre sauvegarde iCloud.<\/p>\n<p>Lorsque vous transf\u00e9rez le contenu de votre appareil vers un nouvel appareil en utilisant la proc\u00e9dure Apple \u00ab\u00a0configuration d\u2019un nouvel appareil\u00a0iOS\u00a0\u00bb , l&rsquo;application et ses donn\u00e9es sont automatiquement rapatri\u00e9es sur le nouvel appareil.<\/p>\n<ul>\n<li><strong>Protection des donn\u00e9es patients<\/strong><\/li>\n<\/ul>\n<p>En raison de leur caract\u00e8re sensible et confidentiel, les donn\u00e9es patients ne sont pas revendues, ni exploit\u00e9es \u00e0 des fins d&rsquo;analyse ou de mon\u00e9tisation. Elles restent confin\u00e9es sur votre mobile et seul vous, ma\u00eetrisez leur exportation hors de l&rsquo;appareil.<\/p>\n<p>Seul vous, avez acc\u00e8s aux donn\u00e9es patient, apr\u00e8s authentification par Touch ID ou Face ID.<\/p>\n","protected":false},"excerpt":{"rendered":"<p>Application IOS de gestion de dossiers patients (optimis\u00e9e pour Iphone mais fonctionne aussi sur iPad). Pr\u00e9sentation m-Patients permet au professionnel lib\u00e9ral ind\u00e9pendant de g\u00e9rer ses fiches patients en mobilit\u00e9 et d\u2019acc\u00e9der \u00e0 tout moment, via son iPhone, au dossier m\u00e9dical d\u2019un patient. L&rsquo;application fonctionne \u00e0 partir de la version IOS 13. Acc\u00e8s\/connexion Pour acc\u00e9der \u00e0 &hellip; <\/p>\n<p class=\"link-more\"><a href=\"https:\/\/www.digitalmuse.fr\/\" class=\"more-link\">Continuer la lecture<span class=\"screen-reader-text\"> de &laquo;&nbsp;m-Patients&nbsp;&raquo;<\/span><\/a><\/p>\n","protected":false},"author":1,"featured_media":0,"parent":0,"menu_order":0,"comment_status":"closed","ping_status":"closed","template":"","meta":[],"_links":{"self":[{"href":"https:\/\/www.digitalmuse.fr\/index.php\/wp-json\/wp\/v2\/pages\/170"}],"collection":[{"href":"https:\/\/www.digitalmuse.fr\/index.php\/wp-json\/wp\/v2\/pages"}],"about":[{"href":"https:\/\/www.digitalmuse.fr\/index.php\/wp-json\/wp\/v2\/types\/page"}],"author":[{"embeddable":true,"href":"https:\/\/www.digitalmuse.fr\/index.php\/wp-json\/wp\/v2\/users\/1"}],"replies":[{"embeddable":true,"href":"https:\/\/www.digitalmuse.fr\/index.php\/wp-json\/wp\/v2\/comments?post=170"}],"version-history":[{"count":46,"href":"https:\/\/www.digitalmuse.fr\/index.php\/wp-json\/wp\/v2\/pages\/170\/revisions"}],"predecessor-version":[{"id":311,"href":"https:\/\/www.digitalmuse.fr\/index.php\/wp-json\/wp\/v2\/pages\/170\/revisions\/311"}],"wp:attachment":[{"href":"https:\/\/www.digitalmuse.fr\/index.php\/wp-json\/wp\/v2\/media?parent=170"}],"curies":[{"name":"wp","href":"https:\/\/api.w.org\/{rel}","templated":true}]}}